{"id":26,"date":"2026-04-11T22:24:28","date_gmt":"2026-04-11T22:24:28","guid":{"rendered":"https:\/\/ryztvdigital.com\/?page_id=26"},"modified":"2026-04-19T03:31:52","modified_gmt":"2026-04-19T03:31:52","slug":"home","status":"publish","type":"page","link":"https:\/\/ryztvdigital.com\/","title":{"rendered":"HOME"},"content":{"rendered":"\t\t<div data-elementor-type=\"wp-page\" data-elementor-id=\"26\" class=\"elementor elementor-26\">\n\t\t\t\t<div class=\"elementor-element elementor-element-4fceaab e-grid e-con-full e-con e-parent\" data-id=\"4fceaab\" data-element_type=\"container\" data-e-type=\"container\">\n\t\t\t\t\t\t\t\n\t\t<img class=\"e-image-base e-501c987-619ea35\" \n\t\t\t\t\tdata-interaction-id=\"501c987\" \n\t\t \n\t\t \n\t\t\t\t\t\t\t\t\tid=\"22\"\n\t\t\t\t\t\t\t\t\t\t\t\tsrc=\"https:\/\/ryztvdigital.com\/wp-content\/uploads\/2026\/04\/2.png\"\n\t\t\t\t\t\t\t\t\t\t\t\twidth=\"500\"\n\t\t\t\t\t\t\t\t\t\t\t\theight=\"500\"\n\t\t\t\t\t\t\t\t\t\t\t\tsrcset=\"https:\/\/ryztvdigital.com\/wp-content\/uploads\/2026\/04\/2.png 500w, https:\/\/ryztvdigital.com\/wp-content\/uploads\/2026\/04\/2-300x300.png 300w, https:\/\/ryztvdigital.com\/wp-content\/uploads\/2026\/04\/2-150x150.png 150w\"\n\t\t\t\t\t\t\t\t\t\t\t\talt=\"\"\n\t\t\t\t\t\t\/>\n\t\t\t\t\t<\/div>\n\t\t<div class=\"elementor-element elementor-element-9397dc7 e-grid e-con-boxed e-con e-parent\" data-id=\"9397dc7\" data-element_type=\"container\" data-e-type=\"container\">\n\t\t\t\t\t<div class=\"e-con-inner\">\n\t\t\t\t\t\t\t\n\t\t<img class=\"e-image-base e-0836185-2f9e356\" \n\t\t\t\t\tdata-interaction-id=\"0836185\" \n\t\t \n\t\t \n\t\t\t\t\t\t\t\t\tid=\"19\"\n\t\t\t\t\t\t\t\t\t\t\t\tsrc=\"https:\/\/ryztvdigital.com\/wp-content\/uploads\/2026\/04\/Copia-de-11-de-Marzo-.png\"\n\t\t\t\t\t\t\t\t\t\t\t\twidth=\"1080\"\n\t\t\t\t\t\t\t\t\t\t\t\theight=\"1920\"\n\t\t\t\t\t\t\t\t\t\t\t\tsrcset=\"https:\/\/ryztvdigital.com\/wp-content\/uploads\/2026\/04\/Copia-de-11-de-Marzo-.png 1080w, https:\/\/ryztvdigital.com\/wp-content\/uploads\/2026\/04\/Copia-de-11-de-Marzo--169x300.png 169w, https:\/\/ryztvdigital.com\/wp-content\/uploads\/2026\/04\/Copia-de-11-de-Marzo--576x1024.png 576w, https:\/\/ryztvdigital.com\/wp-content\/uploads\/2026\/04\/Copia-de-11-de-Marzo--768x1365.png 768w, https:\/\/ryztvdigital.com\/wp-content\/uploads\/2026\/04\/Copia-de-11-de-Marzo--864x1536.png 864w\"\n\t\t\t\t\t\t\t\t\t\t\t\talt=\"\"\n\t\t\t\t\t\t\/>\n\t\t\t\t\t\t<\/div>\n\t\t\t\t<\/div>\n\t\t<div class=\"elementor-element elementor-element-34e077b e-flex e-con-boxed e-con e-parent\" data-id=\"34e077b\" data-element_type=\"container\" data-e-type=\"container\">\n\t\t\t\t\t<div class=\"e-con-inner\">\n\t\t\t\t<div class=\"elementor-element elementor-element-07700a5 elementor-widget elementor-widget-html\" data-id=\"07700a5\" data-element_type=\"widget\" data-e-type=\"widget\" data-widget_type=\"html.default\">\n\t\t\t\t\t<!DOCTYPE html>\r\n<html lang=\"es\">\r\n<head>\r\n<meta charset=\"UTF-8\">\r\n<meta name=\"viewport\" content=\"width=device-width, initial-scale=1.0\">\r\n<title>TV Digital Premium<\/title>\r\n<style>\r\nbody {font-family: Arial; margin:0; background:#0d0d0d; color:white;}\r\nsection {padding:60px 20px; text-align:center;}\r\n.hero {background:linear-gradient(rgba(0,0,0,0.7), rgba(0,0,0,0.9)), url('https:\/\/via.placeholder.com\/1200x600'); background-size:cover;}\r\nh1 {font-size:40px;}\r\nbutton {padding:15px 30px; background:#ff0000; color:white; border:none; cursor:pointer; border-radius:5px;}\r\n.planes {display:flex; flex-wrap:wrap; justify-content:center; gap:20px;}\r\n.plan {background:#1a1a1a; padding:20px; border-radius:10px; width:250px;}\r\n.plan h3 {color:#ff0000;}\r\n.whatsapp {position:fixed; bottom:20px; right:20px; background:#25D366; padding:15px; border-radius:50%; color:white;}\r\n<\/style>\r\n<\/head>\r\n\r\n<body>\r\n\r\n<!-- HERO -->\r\n<section class=\"hero\">\r\n  <h1>\ud83d\udd25 DISFRUTA TV DIGITAL PREMIUM<\/h1>\r\n  <p>M\u00e1s de 2,000 canales,29,000 pel\u00edculas y 3,500 series en HD, Full HD y 4K<\/p>\r\n  <button>\ud83d\udcf2 Comprar ahora<\/button>\r\n<\/section>\r\n\r\n<!-- PRUEBA SOCIAL -->\r\n<section>\r\n  <h2>+1000 Clientes Satisfechos<\/h2>\r\n  <p>Servicio r\u00e1pido, seguro y con soporte en todo momento<\/p>\r\n<\/section>\r\n\r\n<!-- PLANES -->\r\n<section>\r\n  <h2>\ud83d\udcb0 Nuestros Planes<\/h2>\r\n  <div class=\"planes\">\r\n    \r\n    <div class=\"plan\">\r\n      <h3>PLAN B\u00c1SICO<\/h3>\r\n      <p>S\/20 mensual<\/p>\r\n      <ul>\r\n        <li>+2000 canales<\/li>\r\n        <li>Full HD\/FHD\/4K<\/li>\r\n        <li>Series y pel\u00edculas<\/li>\r\n        <li>Soporte 24\/7<\/li>\r\n      <\/ul>\r\n      <button>Comprar<\/button>\r\n    <\/div>\r\n<div class=\"plan\">\r\n      <h3>PLAN MEDIO<\/h3>\r\n      <p>S\/60 x 4 meses <\/p>\r\n      <ul>\r\n        <li>+2000 canales<\/li>\r\n        <li>Full HD\/FHD\/4K<\/li>\r\n        <li>Series y pel\u00edculas<\/li>\r\n        <li>Soporte 24\/7<\/li>\r\n      <\/ul>\r\n      <button>Comprar<\/button>\r\n    <\/div>\r\n  <div class=\"plan\">\r\n      <h3>PLAN PREMIUM<\/h3>\r\n      <p>S\/100 x 6 meses <\/p>\r\n      <ul>\r\n        <li>+2000 canales<\/li>\r\n        <li>Full HD\/FHD\/4K<\/li>\r\n        <li>Series y pel\u00edculas<\/li>\r\n        <li>Soporte 24\/7<\/li>\r\n      <\/ul>\r\n      <button>Comprar<\/button>\r\n    <\/div>  \r\n<div class=\"plan\">\r\n      <h3>PLAN GOLD<\/h3>\r\n      <p>S\/180 x 12 meses <\/p>\r\n      <ul>\r\n        <li>+2000 canales<\/li>\r\n        <li>Full HD\/FHD\/4K<\/li>\r\n        <li>Series y pel\u00edculas<\/li>\r\n        <li>Soporte 24\/7<\/li>\r\n      <\/ul>\r\n      <button>Comprar<\/button>\r\n    <\/div>\r\n  <\/div>\r\n<\/section>\r\n\r\n<!-- BENEFICIOS -->\r\n<section>\r\n  <h2>\ud83d\ude80 \u00bfPor qu\u00e9 elegirnos?<\/h2>\r\n  <p>\u2714 Activaci\u00f3n inmediata<\/p>\r\n  <p>\u2714 Funciona en Smart TV,Android TV,TV Box,celular,Tablet,PC y Laptop<\/p>\r\n  <p>\u2714 Soporte por WhatsApp<\/p>\r\n<\/section>\r\n\r\n<!-- CTA FINAL -->\r\n<section>\r\n  <h2>\u26a1 PROMOCI\u00d3N HOY<\/h2>\r\n  <p>Obt\u00e9n tu acceso con descuento exclusivo<\/p>\r\n  <button>\ud83d\udd25 Comprar ahora<\/button>\r\n<\/section>\r\n\r\n<!-- WHATSAPP -->\r\n<a href=\"https:\/\/wa.me\/51949842522\" class=\"whatsapp\">\ud83d\udcac<\/a>\r\n\r\n<\/body>\r\n<\/html>\t\t\t\t<\/div>\n\t\t\t\t\t<\/div>\n\t\t\t\t<\/div>\n\t\t\t\t<\/div>\n\t\t","protected":false},"excerpt":{"rendered":"<p>TV Digital Premium &#x1f525; DISFRUTA TV DIGITAL PREMIUM M\u00e1s de 2,000 canales,29,000 pel\u00edculas y 3,500 series en HD, Full HD y 4K &#x1f4f2; Comprar ahora +1000 Clientes Satisfechos Servicio r\u00e1pido, seguro y con soporte en todo momento &#x1f4b0; Nuestros Planes PLAN B\u00c1SICO S\/20 mensual +2000 canales Full HD\/FHD\/4K Series y pel\u00edculas Soporte 24\/7 Comprar PLAN [&hellip;]<\/p>\n","protected":false},"author":1,"featured_media":0,"parent":0,"menu_order":0,"comment_status":"closed","ping_status":"closed","template":"elementor_canvas","meta":{"footnotes":""},"class_list":["post-26","page","type-page","status-publish","hentry"],"_links":{"self":[{"href":"https:\/\/ryztvdigital.com\/index.php?rest_route=\/wp\/v2\/pages\/26","targetHints":{"allow":["GET"]}}],"collection":[{"href":"https:\/\/ryztvdigital.com\/index.php?rest_route=\/wp\/v2\/pages"}],"about":[{"href":"https:\/\/ryztvdigital.com\/index.php?rest_route=\/wp\/v2\/types\/page"}],"author":[{"embeddable":true,"href":"https:\/\/ryztvdigital.com\/index.php?rest_route=\/wp\/v2\/users\/1"}],"replies":[{"embeddable":true,"href":"https:\/\/ryztvdigital.com\/index.php?rest_route=%2Fwp%2Fv2%2Fcomments&post=26"}],"version-history":[{"count":16,"href":"https:\/\/ryztvdigital.com\/index.php?rest_route=\/wp\/v2\/pages\/26\/revisions"}],"predecessor-version":[{"id":58,"href":"https:\/\/ryztvdigital.com\/index.php?rest_route=\/wp\/v2\/pages\/26\/revisions\/58"}],"wp:attachment":[{"href":"https:\/\/ryztvdigital.com\/index.php?rest_route=%2Fwp%2Fv2%2Fmedia&parent=26"}],"curies":[{"name":"wp","href":"https:\/\/api.w.org\/{rel}","templated":true}]}}